{"id":21,"date":"2025-02-18T15:42:55","date_gmt":"2025-02-18T15:42:55","guid":{"rendered":"http:\/\/www.baeckerei-adlmaier.de\/?page_id=21"},"modified":"2025-02-19T14:28:55","modified_gmt":"2025-02-19T13:28:55","slug":"startseite","status":"publish","type":"page","link":"https:\/\/www.baeckerei-adlmaier.de\/","title":{"rendered":"\u00dcber uns"},"content":{"rendered":"\n<p>Wir sind eine Familienb\u00e4ckerei die seit \u00fcber 175 Jahren besteht.<\/p>\n\n\n\n<p>Wir vereinen alte Handwerkskunst mit modernen Backprozessen um unseren Kunden die bestm\u00f6glichste Qualit\u00e4t bieten zu k\u00f6nnen.<\/p>\n\n\n\n<p><\/p>\n\n\n\n<p><\/p>\n","protected":false},"excerpt":{"rendered":"<p>Wir sind eine Familienb\u00e4ckerei die seit \u00fcber 175 Jahren besteht. Wir vereinen alte Handwerkskunst mit modernen Backprozessen um unseren Kunden die bestm\u00f6glichste Qualit\u00e4t bieten zu k\u00f6nnen.<\/p>\n","protected":false},"author":1,"featured_media":87,"parent":0,"menu_order":0,"comment_status":"closed","ping_status":"closed","template":"","meta":{"ngg_post_thumbnail":0,"footnotes":""},"class_list":["post-21","page","type-page","status-publish","has-post-thumbnail","hentry"],"_links":{"self":[{"href":"https:\/\/www.baeckerei-adlmaier.de\/index.php?rest_route=\/wp\/v2\/pages\/21","targetHints":{"allow":["GET"]}}],"collection":[{"href":"https:\/\/www.baeckerei-adlmaier.de\/index.php?rest_route=\/wp\/v2\/pages"}],"about":[{"href":"https:\/\/www.baeckerei-adlmaier.de\/index.php?rest_route=\/wp\/v2\/types\/page"}],"author":[{"embeddable":true,"href":"https:\/\/www.baeckerei-adlmaier.de\/index.php?rest_route=\/wp\/v2\/users\/1"}],"replies":[{"embeddable":true,"href":"https:\/\/www.baeckerei-adlmaier.de\/index.php?rest_route=%2Fwp%2Fv2%2Fcomments&post=21"}],"version-history":[{"count":6,"href":"https:\/\/www.baeckerei-adlmaier.de\/index.php?rest_route=\/wp\/v2\/pages\/21\/revisions"}],"predecessor-version":[{"id":94,"href":"https:\/\/www.baeckerei-adlmaier.de\/index.php?rest_route=\/wp\/v2\/pages\/21\/revisions\/94"}],"wp:featuredmedia":[{"embeddable":true,"href":"https:\/\/www.baeckerei-adlmaier.de\/index.php?rest_route=\/wp\/v2\/media\/87"}],"wp:attachment":[{"href":"https:\/\/www.baeckerei-adlmaier.de\/index.php?rest_route=%2Fwp%2Fv2%2Fmedia&parent=21"}],"curies":[{"name":"wp","href":"https:\/\/api.w.org\/{rel}","templated":true}]}}